{"id":5883,"date":"2025-06-24T11:19:42","date_gmt":"2025-06-24T08:19:42","guid":{"rendered":"https:\/\/turqgear.com\/?post_type=product&#038;p=5883"},"modified":"2026-04-13T16:07:03","modified_gmt":"2026-04-13T13:07:03","slug":"system-m-core-2","status":"publish","type":"product","link":"https:\/\/turqgear.com\/tr\/urun\/system-m-core-2\/","title":{"rendered":"SYSTEM-M CORE &#8211; Fixed Blade"},"content":{"rendered":"<h3>SYSTEM-M: One System, Endless Possibilities<\/h3>\n<p><strong>&#8220;One For All \u2013 All For One&#8221;<\/strong><\/p>\n<div style=\"text-align:center; margin-bottom:20px; border:1px solid #eee; padding:15px; border-radius:12px; background:#fafafa;\">\n  <img decoding=\"async\" src=\"https:\/\/turqgear.com\/wp-content\/uploads\/2026\/04\/Kutu-Icerigi.jpeg\" alt=\"Kutu \u0130\u00e7eri\u011fi\" style=\"max-width:100%; height:auto;\">\n<\/div>\n<p class=\"translation-block\">With the modular design of the SYSTEM-M series, your knife becomes truly personal. Thanks to the <strong data-start=\"287\" data-end=\"336\">universal compatibility of screws and handles<\/strong>, you can easily customize your knife with different colors, materials, and styles\u2014anytime you like.<\/p>\n<ul>\n<li><strong>Easy to assemble and disassemble<\/strong> \u2013 no tools needed. Swap out parts effortlessly.<\/li>\n<li>Create <strong>multiple looks<\/strong> with just one blade by changing handles and screws.<\/li>\n<li><strong>One set fits all<\/strong> \u2013 no need to buy separate handles or screws for each model. All SYSTEM-M components are fully interchangeable.<\/li>\n<li>Whether you prefer a classic, modern, or colorful look, you decide the style.<\/li>\n<\/ul>\n<p>\nWith SYSTEM-M, one knife offers <strong>many faces and functions<\/strong>.<br \/>\n<strong>Maximum freedom. One smart system.<\/strong><\/p>","protected":false},"excerpt":{"rendered":"<div style=\"text-align:center; margin-bottom:10px; color:#fff; font-weight:700; letter-spacing:2px; font-size:18px;\">\n  BEAR &#8211; WOLF &#8211; FOX &#8211; MANTIS\n<\/div>\n<div style=\"text-align:center; margin-bottom:20px;\">\n  <img decoding=\"async\" src=\"https:\/\/turqgear.com\/wp-content\/uploads\/2026\/04\/Kutu-Icerigi.jpeg\" alt=\"Kutu \u0130\u00e7eri\u011fi\" style=\"max-width:100%; height:auto; border-radius:10px;\">\n<\/div>\n<div style=\"color:#ddd; text-align:center; font-size:14px; line-height:1.6;\" class=\"translation-block\">With the modular design of the SYSTEM-M series, your knife becomes truly personal. Thanks to the <strong data-start=\"287\" data-end=\"336\">universal compatibility of screws and handles<\/strong>, you can easily customize your knife with different colors, materials, and styles\u2014anytime you like.<\/div>","protected":false},"featured_media":0,"comment_status":"open","ping_status":"closed","template":"","meta":{"nf_dc_page":""},"product_brand":[],"product_cat":[21],"product_tag":[],"class_list":{"0":"post-5883","1":"product","2":"type-product","3":"status-publish","5":"product_cat-knife","7":"first","8":"instock","9":"taxable","10":"shipping-taxable","11":"purchasable","12":"product-type-simple"},"_links":{"self":[{"href":"https:\/\/turqgear.com\/tr\/wp-json\/wp\/v2\/product\/5883","targetHints":{"allow":["GET"]}}],"collection":[{"href":"https:\/\/turqgear.com\/tr\/wp-json\/wp\/v2\/product"}],"about":[{"href":"https:\/\/turqgear.com\/tr\/wp-json\/wp\/v2\/types\/product"}],"replies":[{"embeddable":true,"href":"https:\/\/turqgear.com\/tr\/wp-json\/wp\/v2\/comments?post=5883"}],"wp:attachment":[{"href":"https:\/\/turqgear.com\/tr\/wp-json\/wp\/v2\/media?parent=5883"}],"wp:term":[{"taxonomy":"product_brand","embeddable":true,"href":"https:\/\/turqgear.com\/tr\/wp-json\/wp\/v2\/product_brand?post=5883"},{"taxonomy":"product_cat","embeddable":true,"href":"https:\/\/turqgear.com\/tr\/wp-json\/wp\/v2\/product_cat?post=5883"},{"taxonomy":"product_tag","embeddable":true,"href":"https:\/\/turqgear.com\/tr\/wp-json\/wp\/v2\/product_tag?post=5883"}],"curies":[{"name":"wp","href":"https:\/\/api.w.org\/{rel}","templated":true}]}}