{"id":3260,"date":"2022-08-21T09:57:59","date_gmt":"2022-08-21T09:57:59","guid":{"rendered":"https:\/\/turqgear.com\/?page_id=3260"},"modified":"2022-12-26T17:42:45","modified_gmt":"2022-12-26T14:42:45","slug":"process-faq","status":"publish","type":"page","link":"https:\/\/turqgear.com\/tr\/process-faq\/","title":{"rendered":"Process-Faq"},"content":{"rendered":"<div data-elementor-type=\"wp-page\" data-elementor-id=\"3260\" class=\"elementor elementor-3260\" data-elementor-post-type=\"page\">\n\t\t\t\t\t\t<section class=\"elementor-section elementor-top-section elementor-element elementor-element-5a88b39 elementor-section-height-min-height elementor-section-boxed elementor-section-height-default elementor-section-items-middle\" data-id=\"5a88b39\" data-element_type=\"section\" data-e-type=\"section\" data-settings=\"{&quot;background_background&quot;:&quot;classic&quot;}\">\n\t\t\t\t\t\t<div class=\"elementor-container elementor-column-gap-default\">\n\t\t\t\t\t<div class=\"elementor-column elementor-col-100 elementor-top-column elementor-element elementor-element-a1286bf\" data-id=\"a1286bf\" data-element_type=\"column\" data-e-type=\"column\">\n\t\t\t<div class=\"elementor-widget-wrap\">\n\t\t\t\t\t\t\t<\/div>\n\t\t<\/div>\n\t\t\t\t\t<\/div>\n\t\t<\/section>\n\t\t\t\t<section class=\"elementor-section elementor-top-section elementor-element elementor-element-ef3fb2e elementor-section-boxed elementor-section-height-default elementor-section-height-default\" data-id=\"ef3fb2e\" data-element_type=\"section\" data-e-type=\"section\" data-settings=\"{&quot;background_background&quot;:&quot;classic&quot;}\">\n\t\t\t\t\t\t<div class=\"elementor-container elementor-column-gap-default\">\n\t\t\t\t\t<div class=\"elementor-column elementor-col-100 elementor-top-column elementor-element elementor-element-6c20717\" data-id=\"6c20717\" data-element_type=\"column\" data-e-type=\"column\">\n\t\t\t<div class=\"elementor-widget-wrap elementor-element-populated\">\n\t\t\t\t\t\t<div class=\"elementor-element elementor-element-7838a9c elementor-widget elementor-widget-heading\" data-id=\"7838a9c\" data-element_type=\"widget\" data-e-type=\"widget\" data-widget_type=\"heading.default\">\n\t\t\t\t<div class=\"elementor-widget-container\">\n\t\t\t\t\t<h2 class=\"elementor-heading-title elementor-size-default\">S\u00fcre\u00e7<\/h2>\t\t\t\t<\/div>\n\t\t\t\t<\/div>\n\t\t\t\t\t<\/div>\n\t\t<\/div>\n\t\t\t\t\t<\/div>\n\t\t<\/section>\n\t\t\t\t<section class=\"elementor-section elementor-top-section elementor-element elementor-element-cd87da2 elementor-section-height-min-height elementor-section-boxed elementor-section-height-default elementor-section-items-middle\" data-id=\"cd87da2\" data-element_type=\"section\" data-e-type=\"section\" data-settings=\"{&quot;background_background&quot;:&quot;classic&quot;}\">\n\t\t\t\t\t\t<div class=\"elementor-container elementor-column-gap-default\">\n\t\t\t\t\t<div class=\"elementor-column elementor-col-50 elementor-top-column elementor-element elementor-element-d6b3585\" data-id=\"d6b3585\" data-element_type=\"column\" data-e-type=\"column\">\n\t\t\t<div class=\"elementor-widget-wrap elementor-element-populated\">\n\t\t\t\t\t\t<div class=\"elementor-element elementor-element-06275f6 elementor-widget elementor-widget-heading\" data-id=\"06275f6\" data-element_type=\"widget\" data-e-type=\"widget\" data-widget_type=\"heading.default\">\n\t\t\t\t<div class=\"elementor-widget-container\">\n\t\t\t\t\t<h3 class=\"elementor-heading-title elementor-size-default\">R&amp;d<\/h3>\t\t\t\t<\/div>\n\t\t\t\t<\/div>\n\t\t\t\t<div class=\"elementor-element elementor-element-ee8a9eb elementor-widget elementor-widget-text-editor\" data-id=\"ee8a9eb\" data-element_type=\"widget\" data-e-type=\"widget\" data-widget_type=\"text-editor.default\">\n\t\t\t\t<div class=\"elementor-widget-container\">\n\t\t\t\t\t\t\t\t\t<pre>M\u00fckemmelli\u011fin ancak s\u00fcrekli Ar-Ge ile elde edilebilece\u011fine inan\u0131yoruz. Multidisipliner ekibimiz, hayat\u0131n\u0131z\u0131 kolayla\u015ft\u0131racak yeni \u00fcr\u00fcnler ve sizin i\u00e7in m\u00fckemmel \u00fcr\u00fcnler \u00fcretmemizi sa\u011flayacak makineler tasarlamaktan asla vazge\u00e7mez.<\/pre>\t\t\t\t\t\t\t\t<\/div>\n\t\t\t\t<\/div>\n\t\t\t\t\t<\/div>\n\t\t<\/div>\n\t\t\t\t<div class=\"elementor-column elementor-col-50 elementor-top-column elementor-element elementor-element-b8d0101\" data-id=\"b8d0101\" data-element_type=\"column\" data-e-type=\"column\">\n\t\t\t<div class=\"elementor-widget-wrap\">\n\t\t\t\t\t\t\t<\/div>\n\t\t<\/div>\n\t\t\t\t\t<\/div>\n\t\t<\/section>\n\t\t\t\t<section class=\"elementor-section elementor-top-section elementor-element elementor-element-b8b320e elementor-section-height-min-height elementor-section-boxed elementor-section-height-default elementor-section-items-middle\" data-id=\"b8b320e\" data-element_type=\"section\" data-e-type=\"section\" data-settings=\"{&quot;background_background&quot;:&quot;classic&quot;}\">\n\t\t\t\t\t\t<div class=\"elementor-container elementor-column-gap-default\">\n\t\t\t\t\t<div class=\"elementor-column elementor-col-50 elementor-top-column elementor-element elementor-element-d1c836f\" data-id=\"d1c836f\" data-element_type=\"column\" data-e-type=\"column\">\n\t\t\t<div class=\"elementor-widget-wrap\">\n\t\t\t\t\t\t\t<\/div>\n\t\t<\/div>\n\t\t\t\t<div class=\"elementor-column elementor-col-50 elementor-top-column elementor-element elementor-element-931096d\" data-id=\"931096d\" data-element_type=\"column\" data-e-type=\"column\">\n\t\t\t<div class=\"elementor-widget-wrap elementor-element-populated\">\n\t\t\t\t\t\t<div class=\"elementor-element elementor-element-71d762b elementor-widget elementor-widget-heading\" data-id=\"71d762b\" data-element_type=\"widget\" data-e-type=\"widget\" data-widget_type=\"heading.default\">\n\t\t\t\t<div class=\"elementor-widget-container\">\n\t\t\t\t\t<h3 class=\"elementor-heading-title elementor-size-default\">\u0130MALAT<\/h3>\t\t\t\t<\/div>\n\t\t\t\t<\/div>\n\t\t\t\t<div class=\"elementor-element elementor-element-d816087 elementor-widget elementor-widget-text-editor\" data-id=\"d816087\" data-element_type=\"widget\" data-e-type=\"widget\" data-widget_type=\"text-editor.default\">\n\t\t\t\t<div class=\"elementor-widget-container\">\n\t\t\t\t\t\t\t\t\t<pre>Son teknoloji metal i\u015fleme s\u00fcrecimiz, y\u0131llarca s\u00fcren uygulama ve Ar-Ge ile olu\u015fturulmu\u015ftur. Sadece d\u00fcnyan\u0131n en iyi metalleri ile \u00e7al\u0131\u015f\u0131yoruz ve size mevcut en kaliteli \u00fcr\u00fcn\u00fc sunmak i\u00e7in onlar\u0131 \u015fekillendiriyoruz. Is\u0131l i\u015flem konusunda da \u00e7elik \u00fcreticisi taraf\u0131ndan destekleniyoruz, \u00e7elik \u00fcreticilerinin \u015fubelerinden \u0131s\u0131l i\u015flem hizmeti ald\u0131\u011f\u0131m\u0131z i\u00e7in, d\u00fcnyan\u0131n \u00f6nde gelen \u00e7elik \u00fcreticilerinin i\u015flem konusundaki deneyim ve bilgilerinden yararlan\u0131yoruz ve \u0131s\u0131l i\u015flem i\u00e7in Kalite Kontrol Sertifikas\u0131 al\u0131yoruz.<\/pre>\t\t\t\t\t\t\t\t<\/div>\n\t\t\t\t<\/div>\n\t\t\t\t\t<\/div>\n\t\t<\/div>\n\t\t\t\t\t<\/div>\n\t\t<\/section>\n\t\t\t\t<\/div>","protected":false},"excerpt":{"rendered":"<p>Process R&#038;d We believe perfection can only be achieved through continuous R&amp;D. Our multidisciplinary team never stops engineering and designing new products that will make your life easier and machinery that will allow us to manufacture perfect products for you. Manufacture Our state-of-the-art metal working process is established through years of practice and R&amp;D. We [&hellip;]<\/p>\n","protected":false},"author":1,"featured_media":0,"parent":0,"menu_order":0,"comment_status":"closed","ping_status":"closed","template":"elementor_header_footer","meta":{"nf_dc_page":"","footnotes":""},"class_list":["post-3260","page","type-page","status-publish","hentry"],"_links":{"self":[{"href":"https:\/\/turqgear.com\/tr\/wp-json\/wp\/v2\/pages\/3260","targetHints":{"allow":["GET"]}}],"collection":[{"href":"https:\/\/turqgear.com\/tr\/wp-json\/wp\/v2\/pages"}],"about":[{"href":"https:\/\/turqgear.com\/tr\/wp-json\/wp\/v2\/types\/page"}],"author":[{"embeddable":true,"href":"https:\/\/turqgear.com\/tr\/wp-json\/wp\/v2\/users\/1"}],"replies":[{"embeddable":true,"href":"https:\/\/turqgear.com\/tr\/wp-json\/wp\/v2\/comments?post=3260"}],"version-history":[{"count":28,"href":"https:\/\/turqgear.com\/tr\/wp-json\/wp\/v2\/pages\/3260\/revisions"}],"predecessor-version":[{"id":5388,"href":"https:\/\/turqgear.com\/tr\/wp-json\/wp\/v2\/pages\/3260\/revisions\/5388"}],"wp:attachment":[{"href":"https:\/\/turqgear.com\/tr\/wp-json\/wp\/v2\/media?parent=3260"}],"curies":[{"name":"wp","href":"https:\/\/api.w.org\/{rel}","templated":true}]}}